{"id":209,"date":"2025-08-19T00:59:52","date_gmt":"2025-08-19T00:59:52","guid":{"rendered":"https:\/\/arthurdegreef.com\/?page_id=209"},"modified":"2025-08-19T13:16:53","modified_gmt":"2025-08-19T13:16:53","slug":"faq","status":"publish","type":"page","link":"https:\/\/arthurdegreef.com\/?page_id=209","title":{"rendered":"FAQ"},"content":{"rendered":"\n<div class=\"wp-block-group alignfull is-style-section-5 is-layout-flow wp-block-group-is-layout-flow is-style-section-5--1\" style=\"min-height:100vh;margin-top:0;margin-bottom:0;padding-top:var(--wp--preset--spacing--50);padding-right:var(--wp--preset--spacing--50);padding-bottom:var(--wp--preset--spacing--50);padding-left:var(--wp--preset--spacing--50)\">\n<div class=\"wp-block-columns alignfull is-layout-flex wp-container-core-columns-is-layout-47c06fe3 wp-block-columns-is-layout-flex\">\n<div class=\"wp-block-column is-layout-flow wp-block-column-is-layout-flow\">\n<div class=\"wp-block-cover\" style=\"min-height:100vh;aspect-ratio:unset;\"><img loading=\"lazy\" decoding=\"async\" width=\"1024\" height=\"683\" class=\"wp-block-cover__image-background wp-image-211 size-large\" alt=\"\" src=\"https:\/\/arthurdegreef.com\/wp-content\/uploads\/2025\/08\/IMG_6685-1024x683.jpg\" data-object-fit=\"cover\" srcset=\"https:\/\/arthurdegreef.com\/wp-content\/uploads\/2025\/08\/IMG_6685-1024x683.jpg 1024w, https:\/\/arthurdegreef.com\/wp-content\/uploads\/2025\/08\/IMG_6685-300x200.jpg 300w, https:\/\/arthurdegreef.com\/wp-content\/uploads\/2025\/08\/IMG_6685-768x512.jpg 768w, https:\/\/arthurdegreef.com\/wp-content\/uploads\/2025\/08\/IMG_6685-1536x1024.jpg 1536w, https:\/\/arthurdegreef.com\/wp-content\/uploads\/2025\/08\/IMG_6685-2048x1365.jpg 2048w\" sizes=\"auto, (max-width: 1024px) 100vw, 1024px\" \/><span aria-hidden=\"true\" class=\"wp-block-cover__background has-background-dim-0 has-background-dim\" style=\"background-color:#837570\"><\/span><div class=\"wp-block-cover__inner-container is-layout-flow wp-block-cover-is-layout-flow\">\n<div style=\"height:var(--wp--preset--spacing--20)\" aria-hidden=\"true\" class=\"wp-block-spacer\"><\/div>\n<\/div><\/div>\n<\/div>\n\n\n\n<div class=\"wp-block-column is-layout-flow wp-block-column-is-layout-flow\">\n<div class=\"wp-block-group is-vertical is-content-justification-stretch is-nowrap is-layout-flex wp-container-core-group-is-layout-9a2e2d63 wp-block-group-is-layout-flex\" style=\"min-height:100%\">\n<p class=\"has-text-align-left has-x-large-font-size\" style=\"line-height:1.2\">FAQ<\/p>\n\n\n\n<ul class=\"wp-block-list\">\n<li><strong>1. Qu\u2019est-ce que ce projet apporte de nouveau dans le domaine culturel ?<\/strong><\/li>\n\n\n\n<li>Le projet rend la culture plus accessible gr\u00e2ce aux outils num\u00e9riques, en permettant d\u2019explorer, d\u2019apprendre et de participer \u00e0 distance comme sur place.<\/li>\n<\/ul>\n\n\n\n<p><\/p>\n\n\n\n<ul class=\"wp-block-list\">\n<li><strong>2. Comment puis-je acc\u00e9der aux contenus num\u00e9riques propos\u00e9s ?<\/strong><\/li>\n\n\n\n<li>Les contenus sont disponibles directement en ligne via notre site web et itch.io, sans installation complexe.<\/li>\n<\/ul>\n\n\n\n<p><\/p>\n\n\n\n<ul class=\"wp-block-list\">\n<li><strong>3. La participation est-elle gratuite ou payante ?<\/strong><\/li>\n\n\n\n<li>L&rsquo;utilisation des services est enti\u00e8rement gratuite.<\/li>\n<\/ul>\n\n\n\n<p><\/p>\n\n\n\n<ul class=\"wp-block-list\">\n<li><strong>4. Mes donn\u00e9es personnelles sont-elles prot\u00e9g\u00e9es ?<\/strong><\/li>\n\n\n\n<li>Oui, nous respectons le RGPD et appliquons des mesures strictes de s\u00e9curit\u00e9 pour garantir la confidentialit\u00e9 et la protection de vos donn\u00e9es.<\/li>\n<\/ul>\n\n\n\n<p><\/p>\n\n\n\n<ul class=\"wp-block-list\">\n<li><strong>5. Qui puis-je contacter en cas de probl\u00e8me technique ou de question suppl\u00e9mentaire ?<\/strong><\/li>\n<\/ul>\n\n\n\n<p>___________________________________<\/p>\n\n\n\n<ul class=\"wp-block-list\">\n<li>Vous voulez collaborer ou avez un souci ? Vous pouvez nous \u00e9crire par e-mail \u00e0 notre service support :<br><br><a href=\"mailto:ur.art@customersupport.be\">ur.art@customersupport.be<\/a><\/li>\n<\/ul>\n<\/div>\n<\/div>\n<\/div>\n<\/div>\n","protected":false},"excerpt":{"rendered":"<p>FAQ ___________________________________<\/p>\n","protected":false},"author":1,"featured_media":0,"parent":0,"menu_order":0,"comment_status":"closed","ping_status":"closed","template":"","meta":{"footnotes":""},"class_list":["post-209","page","type-page","status-publish","hentry"],"_links":{"self":[{"href":"https:\/\/arthurdegreef.com\/index.php?rest_route=\/wp\/v2\/pages\/209","targetHints":{"allow":["GET"]}}],"collection":[{"href":"https:\/\/arthurdegreef.com\/index.php?rest_route=\/wp\/v2\/pages"}],"about":[{"href":"https:\/\/arthurdegreef.com\/index.php?rest_route=\/wp\/v2\/types\/page"}],"author":[{"embeddable":true,"href":"https:\/\/arthurdegreef.com\/index.php?rest_route=\/wp\/v2\/users\/1"}],"replies":[{"embeddable":true,"href":"https:\/\/arthurdegreef.com\/index.php?rest_route=%2Fwp%2Fv2%2Fcomments&post=209"}],"version-history":[{"count":7,"href":"https:\/\/arthurdegreef.com\/index.php?rest_route=\/wp\/v2\/pages\/209\/revisions"}],"predecessor-version":[{"id":293,"href":"https:\/\/arthurdegreef.com\/index.php?rest_route=\/wp\/v2\/pages\/209\/revisions\/293"}],"wp:attachment":[{"href":"https:\/\/arthurdegreef.com\/index.php?rest_route=%2Fwp%2Fv2%2Fmedia&parent=209"}],"curies":[{"name":"wp","href":"https:\/\/api.w.org\/{rel}","templated":true}]}}