{"id":191,"date":"2025-08-19T00:40:21","date_gmt":"2025-08-19T00:40:21","guid":{"rendered":"https:\/\/arthurdegreef.com\/?page_id=191"},"modified":"2025-08-19T14:52:41","modified_gmt":"2025-08-19T14:52:41","slug":"remerciements","status":"publish","type":"page","link":"https:\/\/arthurdegreef.com\/?page_id=191","title":{"rendered":"Remerciements"},"content":{"rendered":"\n<div class=\"wp-block-cover alignfull is-light has-contrast-color has-text-color has-link-color wp-elements-179cc562edff842729c7cf98583e9e55\" style=\"margin-top:0;margin-bottom:0;padding-top:var(--wp--preset--spacing--60);padding-right:var(--wp--preset--spacing--50);padding-bottom:var(--wp--preset--spacing--60);padding-left:var(--wp--preset--spacing--50)\"><span aria-hidden=\"true\" class=\"wp-block-cover__background has-base-background-color has-background-dim-100 has-background-dim\"><\/span><div class=\"wp-block-cover__inner-container has-global-padding is-layout-constrained wp-container-core-cover-is-layout-873ee6b1 wp-block-cover-is-layout-constrained\">\n<div class=\"wp-block-columns alignwide is-layout-flex wp-container-core-columns-is-layout-7ee84d44 wp-block-columns-is-layout-flex\">\n<div class=\"wp-block-column is-layout-flow wp-block-column-is-layout-flow\" style=\"flex-basis:65%\">\n<div class=\"wp-block-group is-vertical is-content-justification-stretch is-layout-flex wp-container-core-group-is-layout-353c4f5a wp-block-group-is-layout-flex\">\n<p class=\"has-text-align-left is-style-text-subtitle is-style-text-subtitle--1\">Je tiens \u00e0 remercier toutes les personnes qui ont eu la gentillesse et la courtoisie de m\u2019accorder leur temps. Que ce soit en me donnant des conseils, en me relisant, en m\u2019\u00e9clairant ou simplement en acceptant de r\u00e9pondre \u00e0 mes questions. Un tout grand merci \u00e0 Alexandre, Wivine, Th\u00e9o et Lisa, mes expert\u00b7e\u00b7s, qui ont pris le temps de r\u00e9pondre avec patience et clart\u00e9. Sans eux et elles, ce projet serait bien diff\u00e9rent. Je tiens \u00e0 remercier \u00e9galement ma famille et mes amis qui ont su m\u2019apporter r\u00e9confort et soutien durant l\u2019\u00e9criture et la r\u00e9alisation de ce travail.<\/p>\n\n\n\n<p class=\"has-text-align-left\"><\/p>\n<\/div>\n<\/div>\n\n\n\n<div class=\"wp-block-column is-layout-flow wp-block-column-is-layout-flow\" style=\"flex-basis:35%\">\n<div class=\"wp-block-group is-vertical is-content-justification-stretch is-nowrap is-layout-flex wp-container-core-group-is-layout-73b0033c wp-block-group-is-layout-flex\">\n<figure class=\"wp-block-image size-full\"><img loading=\"lazy\" decoding=\"async\" width=\"2560\" height=\"1440\" src=\"https:\/\/arthurdegreef.com\/wp-content\/uploads\/2025\/08\/P1070730-scaled.jpg\" alt=\"\" class=\"wp-image-157\" style=\"aspect-ratio:3\/4;object-fit:cover\" srcset=\"https:\/\/arthurdegreef.com\/wp-content\/uploads\/2025\/08\/P1070730-scaled.jpg 2560w, https:\/\/arthurdegreef.com\/wp-content\/uploads\/2025\/08\/P1070730-300x169.jpg 300w, https:\/\/arthurdegreef.com\/wp-content\/uploads\/2025\/08\/P1070730-1024x576.jpg 1024w, https:\/\/arthurdegreef.com\/wp-content\/uploads\/2025\/08\/P1070730-768x432.jpg 768w, https:\/\/arthurdegreef.com\/wp-content\/uploads\/2025\/08\/P1070730-1536x864.jpg 1536w, https:\/\/arthurdegreef.com\/wp-content\/uploads\/2025\/08\/P1070730-2048x1152.jpg 2048w\" sizes=\"auto, (max-width: 2560px) 100vw, 2560px\" \/><\/figure>\n\n\n\n<p class=\"has-text-align-right has-x-large-font-size\" style=\"line-height:1.2\"><\/p>\n<\/div>\n<\/div>\n<\/div>\n<\/div><\/div>\n","protected":false},"excerpt":{"rendered":"","protected":false},"author":1,"featured_media":0,"parent":0,"menu_order":0,"comment_status":"closed","ping_status":"closed","template":"","meta":{"footnotes":""},"class_list":["post-191","page","type-page","status-publish","hentry"],"_links":{"self":[{"href":"https:\/\/arthurdegreef.com\/index.php?rest_route=\/wp\/v2\/pages\/191","targetHints":{"allow":["GET"]}}],"collection":[{"href":"https:\/\/arthurdegreef.com\/index.php?rest_route=\/wp\/v2\/pages"}],"about":[{"href":"https:\/\/arthurdegreef.com\/index.php?rest_route=\/wp\/v2\/types\/page"}],"author":[{"embeddable":true,"href":"https:\/\/arthurdegreef.com\/index.php?rest_route=\/wp\/v2\/users\/1"}],"replies":[{"embeddable":true,"href":"https:\/\/arthurdegreef.com\/index.php?rest_route=%2Fwp%2Fv2%2Fcomments&post=191"}],"version-history":[{"count":3,"href":"https:\/\/arthurdegreef.com\/index.php?rest_route=\/wp\/v2\/pages\/191\/revisions"}],"predecessor-version":[{"id":301,"href":"https:\/\/arthurdegreef.com\/index.php?rest_route=\/wp\/v2\/pages\/191\/revisions\/301"}],"wp:attachment":[{"href":"https:\/\/arthurdegreef.com\/index.php?rest_route=%2Fwp%2Fv2%2Fmedia&parent=191"}],"curies":[{"name":"wp","href":"https:\/\/api.w.org\/{rel}","templated":true}]}}